{"id":7,"date":"2024-01-14T21:35:39","date_gmt":"2024-01-14T21:35:39","guid":{"rendered":"https:\/\/konseptraf.com\/?page_id=7"},"modified":"2025-12-25T21:32:52","modified_gmt":"2025-12-25T21:32:52","slug":"elementor-7","status":"publish","type":"page","link":"https:\/\/konseptraf.com\/?page_id=7","title":{"rendered":"Projelerimiz"},"content":{"rendered":"\t\t<div data-elementor-type=\"wp-post\" data-elementor-id=\"7\" class=\"elementor elementor-7\" data-elementor-post-type=\"page\">\n\t\t\t\t<div class=\"elementor-element elementor-element-8c4f775 e-flex e-con-boxed e-con e-parent\" data-id=\"8c4f775\" data-element_type=\"container\">\n\t\t\t\t\t<div class=\"e-con-inner\">\n\t\t\t\t<div class=\"elementor-element elementor-element-6a75d76 elementor-grid-2 elementor-grid-tablet-2 elementor-grid-mobile-1 elementor-widget elementor-widget-portfolio\" data-id=\"6a75d76\" data-element_type=\"widget\" data-settings=\"{&quot;item_ratio&quot;:{&quot;unit&quot;:&quot;px&quot;,&quot;size&quot;:0.79,&quot;sizes&quot;:[]},&quot;row_gap&quot;:{&quot;unit&quot;:&quot;px&quot;,&quot;size&quot;:25,&quot;sizes&quot;:[]},&quot;columns&quot;:&quot;2&quot;,&quot;columns_tablet&quot;:&quot;2&quot;,&quot;columns_mobile&quot;:&quot;1&quot;,&quot;item_gap&quot;:{&quot;unit&quot;:&quot;px&quot;,&quot;size&quot;:&quot;&quot;,&quot;sizes&quot;:[]}}\" data-widget_type=\"portfolio.default\">\n\t\t\t\t<div class=\"elementor-widget-container\">\n\t\t\t\t\t\t\t<ul class=\"elementor-portfolio__filters\">\n\t\t\t<li class=\"elementor-portfolio__filter elementor-active\" tabindex=\"0\" data-filter=\"__all\">Hepsi<\/li>\n\t\t\t\t\t\t\t<li class=\"elementor-portfolio__filter\" tabindex=\"0\" data-filter=\"1\">Projelerimiz<\/li>\n\t\t\t\t\t<\/ul>\n\t\t\t\t<div class=\"elementor-portfolio elementor-grid elementor-posts-container\" role=\"list\">\n\t\t\t\t<article class=\"elementor-portfolio-item elementor-post elementor-filter-1 post-883 post type-post status-publish format-standard has-post-thumbnail hentry category-projelerimiz\" role=\"listitem\">\n\t\t\t<a class=\"elementor-post__thumbnail__link\" href=\"https:\/\/konseptraf.com\/?p=883\">\n\t\t\t\t<div class=\"elementor-portfolio-item__img elementor-post__thumbnail\">\n\t\t\t<img fetchpriority=\"high\" decoding=\"async\" width=\"1600\" height=\"1200\" src=\"https:\/\/konseptraf.com\/wp-content\/uploads\/2025\/12\/ds-damat_-01.jpg\" class=\"attachment-full size-full wp-image-884\" alt=\"\" srcset=\"https:\/\/konseptraf.com\/wp-content\/uploads\/2025\/12\/ds-damat_-01.jpg 1600w, https:\/\/konseptraf.com\/wp-content\/uploads\/2025\/12\/ds-damat_-01-300x225.jpg 300w, https:\/\/konseptraf.com\/wp-content\/uploads\/2025\/12\/ds-damat_-01-1024x768.jpg 1024w, https:\/\/konseptraf.com\/wp-content\/uploads\/2025\/12\/ds-damat_-01-768x576.jpg 768w, https:\/\/konseptraf.com\/wp-content\/uploads\/2025\/12\/ds-damat_-01-1536x1152.jpg 1536w\" sizes=\"(max-width: 1600px) 100vw, 1600px\" \/>\t\t<\/div>\n\t\t\t\t<div class=\"elementor-portfolio-item__overlay\">\n\t\t\t\t<h3 class=\"elementor-portfolio-item__title\">\n\t\tDS Damat\t\t<\/h3>\n\t\t\t\t<\/div>\n\t\t\t\t<\/a>\n\t\t<\/article>\n\t\t\t\t<article class=\"elementor-portfolio-item elementor-post elementor-filter-1 post-873 post type-post status-publish format-standard has-post-thumbnail hentry category-projelerimiz\" role=\"listitem\">\n\t\t\t<a class=\"elementor-post__thumbnail__link\" href=\"https:\/\/konseptraf.com\/?p=873\">\n\t\t\t\t<div class=\"elementor-portfolio-item__img elementor-post__thumbnail\">\n\t\t\t<img decoding=\"async\" width=\"1600\" height=\"1200\" src=\"https:\/\/konseptraf.com\/wp-content\/uploads\/2025\/10\/polo_-01.jpg\" class=\"attachment-full size-full wp-image-766\" alt=\"\" srcset=\"https:\/\/konseptraf.com\/wp-content\/uploads\/2025\/10\/polo_-01.jpg 1600w, https:\/\/konseptraf.com\/wp-content\/uploads\/2025\/10\/polo_-01-300x225.jpg 300w, https:\/\/konseptraf.com\/wp-content\/uploads\/2025\/10\/polo_-01-1024x768.jpg 1024w, https:\/\/konseptraf.com\/wp-content\/uploads\/2025\/10\/polo_-01-768x576.jpg 768w, https:\/\/konseptraf.com\/wp-content\/uploads\/2025\/10\/polo_-01-1536x1152.jpg 1536w, https:\/\/konseptraf.com\/wp-content\/uploads\/2025\/10\/polo_-01-600x450.jpg 600w\" sizes=\"(max-width: 1600px) 100vw, 1600px\" \/>\t\t<\/div>\n\t\t\t\t<div class=\"elementor-portfolio-item__overlay\">\n\t\t\t\t<h3 class=\"elementor-portfolio-item__title\">\n\t\tU.S. Polo Assn.\t\t<\/h3>\n\t\t\t\t<\/div>\n\t\t\t\t<\/a>\n\t\t<\/article>\n\t\t\t\t<article class=\"elementor-portfolio-item elementor-post elementor-filter-1 post-903 post type-post status-publish format-standard has-post-thumbnail hentry category-projelerimiz\" role=\"listitem\">\n\t\t\t<a class=\"elementor-post__thumbnail__link\" href=\"https:\/\/konseptraf.com\/?p=903\">\n\t\t\t\t<div class=\"elementor-portfolio-item__img elementor-post__thumbnail\">\n\t\t\t<img decoding=\"async\" width=\"1090\" height=\"873\" src=\"https:\/\/konseptraf.com\/wp-content\/uploads\/2024\/02\/1.jpeg\" class=\"attachment-full size-full wp-image-575\" alt=\"\" srcset=\"https:\/\/konseptraf.com\/wp-content\/uploads\/2024\/02\/1.jpeg 1090w, https:\/\/konseptraf.com\/wp-content\/uploads\/2024\/02\/1-300x240.jpeg 300w, https:\/\/konseptraf.com\/wp-content\/uploads\/2024\/02\/1-1024x820.jpeg 1024w, https:\/\/konseptraf.com\/wp-content\/uploads\/2024\/02\/1-768x615.jpeg 768w, https:\/\/konseptraf.com\/wp-content\/uploads\/2024\/02\/1-600x481.jpeg 600w\" sizes=\"(max-width: 1090px) 100vw, 1090px\" \/>\t\t<\/div>\n\t\t\t\t<div class=\"elementor-portfolio-item__overlay\">\n\t\t\t\t<h3 class=\"elementor-portfolio-item__title\">\n\t\tSuwen\t\t<\/h3>\n\t\t\t\t<\/div>\n\t\t\t\t<\/a>\n\t\t<\/article>\n\t\t\t\t<article class=\"elementor-portfolio-item elementor-post elementor-filter-1 post-868 post type-post status-publish format-standard has-post-thumbnail hentry category-projelerimiz\" role=\"listitem\">\n\t\t\t<a class=\"elementor-post__thumbnail__link\" href=\"https:\/\/konseptraf.com\/?p=868\">\n\t\t\t\t<div class=\"elementor-portfolio-item__img elementor-post__thumbnail\">\n\t\t\t<img loading=\"lazy\" decoding=\"async\" width=\"1600\" height=\"1200\" src=\"https:\/\/konseptraf.com\/wp-content\/uploads\/2025\/10\/Whatsons_-02.jpg\" class=\"attachment-full size-full wp-image-777\" alt=\"\" srcset=\"https:\/\/konseptraf.com\/wp-content\/uploads\/2025\/10\/Whatsons_-02.jpg 1600w, https:\/\/konseptraf.com\/wp-content\/uploads\/2025\/10\/Whatsons_-02-300x225.jpg 300w, https:\/\/konseptraf.com\/wp-content\/uploads\/2025\/10\/Whatsons_-02-1024x768.jpg 1024w, https:\/\/konseptraf.com\/wp-content\/uploads\/2025\/10\/Whatsons_-02-768x576.jpg 768w, https:\/\/konseptraf.com\/wp-content\/uploads\/2025\/10\/Whatsons_-02-1536x1152.jpg 1536w, https:\/\/konseptraf.com\/wp-content\/uploads\/2025\/10\/Whatsons_-02-600x450.jpg 600w\" sizes=\"(max-width: 1600px) 100vw, 1600px\" \/>\t\t<\/div>\n\t\t\t\t<div class=\"elementor-portfolio-item__overlay\">\n\t\t\t\t<h3 class=\"elementor-portfolio-item__title\">\n\t\tWatsons\t\t<\/h3>\n\t\t\t\t<\/div>\n\t\t\t\t<\/a>\n\t\t<\/article>\n\t\t\t\t<article class=\"elementor-portfolio-item elementor-post elementor-filter-1 post-928 post type-post status-publish format-standard has-post-thumbnail hentry category-projelerimiz\" role=\"listitem\">\n\t\t\t<a class=\"elementor-post__thumbnail__link\" href=\"https:\/\/konseptraf.com\/?p=928\">\n\t\t\t\t<div class=\"elementor-portfolio-item__img elementor-post__thumbnail\">\n\t\t\t<img loading=\"lazy\" decoding=\"async\" width=\"1740\" height=\"831\" src=\"https:\/\/konseptraf.com\/wp-content\/uploads\/2025\/12\/1762329545421.jpeg\" class=\"attachment-full size-full wp-image-929\" alt=\"\" srcset=\"https:\/\/konseptraf.com\/wp-content\/uploads\/2025\/12\/1762329545421.jpeg 1740w, https:\/\/konseptraf.com\/wp-content\/uploads\/2025\/12\/1762329545421-300x143.jpeg 300w, https:\/\/konseptraf.com\/wp-content\/uploads\/2025\/12\/1762329545421-1024x489.jpeg 1024w, https:\/\/konseptraf.com\/wp-content\/uploads\/2025\/12\/1762329545421-768x367.jpeg 768w, https:\/\/konseptraf.com\/wp-content\/uploads\/2025\/12\/1762329545421-1536x734.jpeg 1536w\" sizes=\"(max-width: 1740px) 100vw, 1740px\" \/>\t\t<\/div>\n\t\t\t\t<div class=\"elementor-portfolio-item__overlay\">\n\t\t\t\t<h3 class=\"elementor-portfolio-item__title\">\n\t\tTed Baker\t\t<\/h3>\n\t\t\t\t<\/div>\n\t\t\t\t<\/a>\n\t\t<\/article>\n\t\t\t\t<article class=\"elementor-portfolio-item elementor-post elementor-filter-1 post-917 post type-post status-publish format-standard has-post-thumbnail hentry category-projelerimiz\" role=\"listitem\">\n\t\t\t<a class=\"elementor-post__thumbnail__link\" href=\"https:\/\/konseptraf.com\/?p=917\">\n\t\t\t\t<div class=\"elementor-portfolio-item__img elementor-post__thumbnail\">\n\t\t\t<img loading=\"lazy\" decoding=\"async\" width=\"1348\" height=\"1360\" src=\"https:\/\/konseptraf.com\/wp-content\/uploads\/2024\/02\/1-1.jpeg\" class=\"attachment-full size-full wp-image-713\" alt=\"\" srcset=\"https:\/\/konseptraf.com\/wp-content\/uploads\/2024\/02\/1-1.jpeg 1348w, https:\/\/konseptraf.com\/wp-content\/uploads\/2024\/02\/1-1-297x300.jpeg 297w, https:\/\/konseptraf.com\/wp-content\/uploads\/2024\/02\/1-1-1015x1024.jpeg 1015w, https:\/\/konseptraf.com\/wp-content\/uploads\/2024\/02\/1-1-150x150.jpeg 150w, https:\/\/konseptraf.com\/wp-content\/uploads\/2024\/02\/1-1-768x775.jpeg 768w, https:\/\/konseptraf.com\/wp-content\/uploads\/2024\/02\/1-1-600x605.jpeg 600w, https:\/\/konseptraf.com\/wp-content\/uploads\/2024\/02\/1-1-100x100.jpeg 100w\" sizes=\"(max-width: 1348px) 100vw, 1348px\" \/>\t\t<\/div>\n\t\t\t\t<div class=\"elementor-portfolio-item__overlay\">\n\t\t\t\t<h3 class=\"elementor-portfolio-item__title\">\n\t\tBrooks Brothers\t\t<\/h3>\n\t\t\t\t<\/div>\n\t\t\t\t<\/a>\n\t\t<\/article>\n\t\t\t\t<article class=\"elementor-portfolio-item elementor-post elementor-filter-1 post-878 post type-post status-publish format-standard has-post-thumbnail hentry category-projelerimiz\" role=\"listitem\">\n\t\t\t<a class=\"elementor-post__thumbnail__link\" href=\"https:\/\/konseptraf.com\/?p=878\">\n\t\t\t\t<div class=\"elementor-portfolio-item__img elementor-post__thumbnail\">\n\t\t\t<img loading=\"lazy\" decoding=\"async\" width=\"1600\" height=\"900\" src=\"https:\/\/konseptraf.com\/wp-content\/uploads\/2025\/10\/IMG-20250206-WA0052.jpg\" class=\"attachment-full size-full wp-image-757\" alt=\"\" srcset=\"https:\/\/konseptraf.com\/wp-content\/uploads\/2025\/10\/IMG-20250206-WA0052.jpg 1600w, https:\/\/konseptraf.com\/wp-content\/uploads\/2025\/10\/IMG-20250206-WA0052-300x169.jpg 300w, https:\/\/konseptraf.com\/wp-content\/uploads\/2025\/10\/IMG-20250206-WA0052-1024x576.jpg 1024w, https:\/\/konseptraf.com\/wp-content\/uploads\/2025\/10\/IMG-20250206-WA0052-768x432.jpg 768w, https:\/\/konseptraf.com\/wp-content\/uploads\/2025\/10\/IMG-20250206-WA0052-1536x864.jpg 1536w, https:\/\/konseptraf.com\/wp-content\/uploads\/2025\/10\/IMG-20250206-WA0052-600x338.jpg 600w\" sizes=\"(max-width: 1600px) 100vw, 1600px\" \/>\t\t<\/div>\n\t\t\t\t<div class=\"elementor-portfolio-item__overlay\">\n\t\t\t\t<h3 class=\"elementor-portfolio-item__title\">\n\t\tD\u00fcr\u00fcmle\t\t<\/h3>\n\t\t\t\t<\/div>\n\t\t\t\t<\/a>\n\t\t<\/article>\n\t\t\t\t<article class=\"elementor-portfolio-item elementor-post elementor-filter-1 post-898 post type-post status-publish format-standard has-post-thumbnail hentry category-projelerimiz\" role=\"listitem\">\n\t\t\t<a class=\"elementor-post__thumbnail__link\" href=\"https:\/\/konseptraf.com\/?p=898\">\n\t\t\t\t<div class=\"elementor-portfolio-item__img elementor-post__thumbnail\">\n\t\t\t<img loading=\"lazy\" decoding=\"async\" width=\"1600\" height=\"1200\" src=\"https:\/\/konseptraf.com\/wp-content\/uploads\/2025\/10\/bg_-01.jpg\" class=\"attachment-full size-full wp-image-734\" alt=\"\" srcset=\"https:\/\/konseptraf.com\/wp-content\/uploads\/2025\/10\/bg_-01.jpg 1600w, https:\/\/konseptraf.com\/wp-content\/uploads\/2025\/10\/bg_-01-300x225.jpg 300w, https:\/\/konseptraf.com\/wp-content\/uploads\/2025\/10\/bg_-01-1024x768.jpg 1024w, https:\/\/konseptraf.com\/wp-content\/uploads\/2025\/10\/bg_-01-768x576.jpg 768w, https:\/\/konseptraf.com\/wp-content\/uploads\/2025\/10\/bg_-01-1536x1152.jpg 1536w, https:\/\/konseptraf.com\/wp-content\/uploads\/2025\/10\/bg_-01-600x450.jpg 600w\" sizes=\"(max-width: 1600px) 100vw, 1600px\" \/>\t\t<\/div>\n\t\t\t\t<div class=\"elementor-portfolio-item__overlay\">\n\t\t\t\t<h3 class=\"elementor-portfolio-item__title\">\n\t\tB&amp;G\t\t<\/h3>\n\t\t\t\t<\/div>\n\t\t\t\t<\/a>\n\t\t<\/article>\n\t\t\t\t<article class=\"elementor-portfolio-item elementor-post elementor-filter-1 post-911 post type-post status-publish format-standard has-post-thumbnail hentry category-projelerimiz\" role=\"listitem\">\n\t\t\t<a class=\"elementor-post__thumbnail__link\" href=\"https:\/\/konseptraf.com\/?p=911\">\n\t\t\t\t<div class=\"elementor-portfolio-item__img elementor-post__thumbnail\">\n\t\t\t<img loading=\"lazy\" decoding=\"async\" width=\"2048\" height=\"1536\" src=\"https:\/\/konseptraf.com\/wp-content\/uploads\/2024\/02\/WhatsApp-Image-2022-03-21-at-18.02.20-3.jpeg\" class=\"attachment-full size-full wp-image-569\" alt=\"\" srcset=\"https:\/\/konseptraf.com\/wp-content\/uploads\/2024\/02\/WhatsApp-Image-2022-03-21-at-18.02.20-3.jpeg 2048w, https:\/\/konseptraf.com\/wp-content\/uploads\/2024\/02\/WhatsApp-Image-2022-03-21-at-18.02.20-3-300x225.jpeg 300w, https:\/\/konseptraf.com\/wp-content\/uploads\/2024\/02\/WhatsApp-Image-2022-03-21-at-18.02.20-3-1024x768.jpeg 1024w, https:\/\/konseptraf.com\/wp-content\/uploads\/2024\/02\/WhatsApp-Image-2022-03-21-at-18.02.20-3-768x576.jpeg 768w, https:\/\/konseptraf.com\/wp-content\/uploads\/2024\/02\/WhatsApp-Image-2022-03-21-at-18.02.20-3-1536x1152.jpeg 1536w, https:\/\/konseptraf.com\/wp-content\/uploads\/2024\/02\/WhatsApp-Image-2022-03-21-at-18.02.20-3-600x450.jpeg 600w\" sizes=\"(max-width: 2048px) 100vw, 2048px\" \/>\t\t<\/div>\n\t\t\t\t<div class=\"elementor-portfolio-item__overlay\">\n\t\t\t\t<h3 class=\"elementor-portfolio-item__title\">\n\t\tLee\t\t<\/h3>\n\t\t\t\t<\/div>\n\t\t\t\t<\/a>\n\t\t<\/article>\n\t\t\t\t<article class=\"elementor-portfolio-item elementor-post elementor-filter-1 post-922 post type-post status-publish format-standard has-post-thumbnail hentry category-projelerimiz\" role=\"listitem\">\n\t\t\t<a class=\"elementor-post__thumbnail__link\" href=\"https:\/\/konseptraf.com\/?p=922\">\n\t\t\t\t<div class=\"elementor-portfolio-item__img elementor-post__thumbnail\">\n\t\t\t<img loading=\"lazy\" decoding=\"async\" width=\"2048\" height=\"1536\" src=\"https:\/\/konseptraf.com\/wp-content\/uploads\/2024\/02\/AC8.jpeg\" class=\"attachment-full size-full wp-image-488\" alt=\"\" srcset=\"https:\/\/konseptraf.com\/wp-content\/uploads\/2024\/02\/AC8.jpeg 2048w, https:\/\/konseptraf.com\/wp-content\/uploads\/2024\/02\/AC8-300x225.jpeg 300w, https:\/\/konseptraf.com\/wp-content\/uploads\/2024\/02\/AC8-1024x768.jpeg 1024w, https:\/\/konseptraf.com\/wp-content\/uploads\/2024\/02\/AC8-768x576.jpeg 768w, https:\/\/konseptraf.com\/wp-content\/uploads\/2024\/02\/AC8-1536x1152.jpeg 1536w, https:\/\/konseptraf.com\/wp-content\/uploads\/2024\/02\/AC8-600x450.jpeg 600w\" sizes=\"(max-width: 2048px) 100vw, 2048px\" \/>\t\t<\/div>\n\t\t\t\t<div class=\"elementor-portfolio-item__overlay\">\n\t\t\t\t<h3 class=\"elementor-portfolio-item__title\">\n\t\tAlt\u0131ny\u0131ld\u0131z Classics\t\t<\/h3>\n\t\t\t\t<\/div>\n\t\t\t\t<\/a>\n\t\t<\/article>\n\t\t\t\t<article class=\"elementor-portfolio-item elementor-post elementor-filter-1 post-834 post type-post status-publish format-standard has-post-thumbnail hentry category-projelerimiz\" role=\"listitem\">\n\t\t\t<a class=\"elementor-post__thumbnail__link\" href=\"https:\/\/konseptraf.com\/?p=834\">\n\t\t\t\t<div class=\"elementor-portfolio-item__img elementor-post__thumbnail\">\n\t\t\t<img loading=\"lazy\" decoding=\"async\" width=\"1600\" height=\"1200\" src=\"https:\/\/konseptraf.com\/wp-content\/uploads\/2025\/10\/sportive_-04.jpg\" class=\"attachment-full size-full wp-image-784\" alt=\"\" srcset=\"https:\/\/konseptraf.com\/wp-content\/uploads\/2025\/10\/sportive_-04.jpg 1600w, https:\/\/konseptraf.com\/wp-content\/uploads\/2025\/10\/sportive_-04-300x225.jpg 300w, https:\/\/konseptraf.com\/wp-content\/uploads\/2025\/10\/sportive_-04-1024x768.jpg 1024w, https:\/\/konseptraf.com\/wp-content\/uploads\/2025\/10\/sportive_-04-768x576.jpg 768w, https:\/\/konseptraf.com\/wp-content\/uploads\/2025\/10\/sportive_-04-1536x1152.jpg 1536w, https:\/\/konseptraf.com\/wp-content\/uploads\/2025\/10\/sportive_-04-600x450.jpg 600w\" sizes=\"(max-width: 1600px) 100vw, 1600px\" \/>\t\t<\/div>\n\t\t\t\t<div class=\"elementor-portfolio-item__overlay\">\n\t\t\t\t<h3 class=\"elementor-portfolio-item__title\">\n\t\tSportive\t\t<\/h3>\n\t\t\t\t<\/div>\n\t\t\t\t<\/a>\n\t\t<\/article>\n\t\t\t\t<\/div>\n\t\t\t\t\t\t<\/div>\n\t\t\t\t<\/div>\n\t\t\t\t\t<\/div>\n\t\t\t\t<\/div>\n\t\t\t\t<\/div>\n\t\t","protected":false},"excerpt":{"rendered":"","protected":false},"author":1,"featured_media":0,"parent":0,"menu_order":0,"comment_status":"closed","ping_status":"closed","template":"","meta":{"footnotes":""},"class_list":["post-7","page","type-page","status-publish","hentry"],"yoast_head":"<!-- This site is optimized with the Yoast SEO plugin v26.6 - https:\/\/yoast.com\/wordpress\/plugins\/seo\/ -->\n<title>Projelerimiz - Konsept Raf<\/title>\n<meta name=\"robots\" content=\"index, follow, max-snippet:-1, max-image-preview:large, max-video-preview:-1\" \/>\n<link rel=\"canonical\" href=\"https:\/\/konseptraf.com\/?page_id=7\" \/>\n<meta property=\"og:locale\" content=\"tr_TR\" \/>\n<meta property=\"og:type\" content=\"article\" \/>\n<meta property=\"og:title\" content=\"Projelerimiz - Konsept Raf\" \/>\n<meta property=\"og:url\" content=\"https:\/\/konseptraf.com\/?page_id=7\" \/>\n<meta property=\"og:site_name\" content=\"Konsept Raf\" \/>\n<meta property=\"article:modified_time\" content=\"2025-12-25T21:32:52+00:00\" \/>\n<meta name=\"twitter:card\" content=\"summary_large_image\" \/>\n<meta name=\"twitter:label1\" content=\"Tahmini okuma s\u00fcresi\" \/>\n\t<meta name=\"twitter:data1\" content=\"3 dakika\" \/>\n<script type=\"application\/ld+json\" class=\"yoast-schema-graph\">{\"@context\":\"https:\/\/schema.org\",\"@graph\":[{\"@type\":\"WebPage\",\"@id\":\"https:\/\/konseptraf.com\/?page_id=7\",\"url\":\"https:\/\/konseptraf.com\/?page_id=7\",\"name\":\"Projelerimiz - Konsept Raf\",\"isPartOf\":{\"@id\":\"https:\/\/konseptraf.com\/#website\"},\"datePublished\":\"2024-01-14T21:35:39+00:00\",\"dateModified\":\"2025-12-25T21:32:52+00:00\",\"breadcrumb\":{\"@id\":\"https:\/\/konseptraf.com\/?page_id=7#breadcrumb\"},\"inLanguage\":\"tr\",\"potentialAction\":[{\"@type\":\"ReadAction\",\"target\":[\"https:\/\/konseptraf.com\/?page_id=7\"]}]},{\"@type\":\"BreadcrumbList\",\"@id\":\"https:\/\/konseptraf.com\/?page_id=7#breadcrumb\",\"itemListElement\":[{\"@type\":\"ListItem\",\"position\":1,\"name\":\"Anasayfa\",\"item\":\"https:\/\/konseptraf.com\/\"},{\"@type\":\"ListItem\",\"position\":2,\"name\":\"Projelerimiz\"}]},{\"@type\":\"WebSite\",\"@id\":\"https:\/\/konseptraf.com\/#website\",\"url\":\"https:\/\/konseptraf.com\/\",\"name\":\"Konsept Raf\",\"description\":\"Ma\u011fazalar\u0131n T\u00fcm Konsept \u00c7\u00f6z\u00fcmleri\",\"publisher\":{\"@id\":\"https:\/\/konseptraf.com\/#organization\"},\"potentialAction\":[{\"@type\":\"SearchAction\",\"target\":{\"@type\":\"EntryPoint\",\"urlTemplate\":\"https:\/\/konseptraf.com\/?s={search_term_string}\"},\"query-input\":{\"@type\":\"PropertyValueSpecification\",\"valueRequired\":true,\"valueName\":\"search_term_string\"}}],\"inLanguage\":\"tr\"},{\"@type\":\"Organization\",\"@id\":\"https:\/\/konseptraf.com\/#organization\",\"name\":\"Konsept Raf\",\"url\":\"https:\/\/konseptraf.com\/\",\"logo\":{\"@type\":\"ImageObject\",\"inLanguage\":\"tr\",\"@id\":\"https:\/\/konseptraf.com\/#\/schema\/logo\/image\/\",\"url\":\"https:\/\/konseptraf.com\/wp-content\/uploads\/2024\/01\/Konsept-Raf-Logo.svg\",\"contentUrl\":\"https:\/\/konseptraf.com\/wp-content\/uploads\/2024\/01\/Konsept-Raf-Logo.svg\",\"width\":1073,\"height\":103,\"caption\":\"Konsept Raf\"},\"image\":{\"@id\":\"https:\/\/konseptraf.com\/#\/schema\/logo\/image\/\"}}]}<\/script>\n<!-- \/ Yoast SEO plugin. -->","yoast_head_json":{"title":"Projelerimiz - Konsept Raf","robots":{"index":"index","follow":"follow","max-snippet":"max-snippet:-1","max-image-preview":"max-image-preview:large","max-video-preview":"max-video-preview:-1"},"canonical":"https:\/\/konseptraf.com\/?page_id=7","og_locale":"tr_TR","og_type":"article","og_title":"Projelerimiz - Konsept Raf","og_url":"https:\/\/konseptraf.com\/?page_id=7","og_site_name":"Konsept Raf","article_modified_time":"2025-12-25T21:32:52+00:00","twitter_card":"summary_large_image","twitter_misc":{"Tahmini okuma s\u00fcresi":"3 dakika"},"schema":{"@context":"https:\/\/schema.org","@graph":[{"@type":"WebPage","@id":"https:\/\/konseptraf.com\/?page_id=7","url":"https:\/\/konseptraf.com\/?page_id=7","name":"Projelerimiz - Konsept Raf","isPartOf":{"@id":"https:\/\/konseptraf.com\/#website"},"datePublished":"2024-01-14T21:35:39+00:00","dateModified":"2025-12-25T21:32:52+00:00","breadcrumb":{"@id":"https:\/\/konseptraf.com\/?page_id=7#breadcrumb"},"inLanguage":"tr","potentialAction":[{"@type":"ReadAction","target":["https:\/\/konseptraf.com\/?page_id=7"]}]},{"@type":"BreadcrumbList","@id":"https:\/\/konseptraf.com\/?page_id=7#breadcrumb","itemListElement":[{"@type":"ListItem","position":1,"name":"Anasayfa","item":"https:\/\/konseptraf.com\/"},{"@type":"ListItem","position":2,"name":"Projelerimiz"}]},{"@type":"WebSite","@id":"https:\/\/konseptraf.com\/#website","url":"https:\/\/konseptraf.com\/","name":"Konsept Raf","description":"Ma\u011fazalar\u0131n T\u00fcm Konsept \u00c7\u00f6z\u00fcmleri","publisher":{"@id":"https:\/\/konseptraf.com\/#organization"},"potentialAction":[{"@type":"SearchAction","target":{"@type":"EntryPoint","urlTemplate":"https:\/\/konseptraf.com\/?s={search_term_string}"},"query-input":{"@type":"PropertyValueSpecification","valueRequired":true,"valueName":"search_term_string"}}],"inLanguage":"tr"},{"@type":"Organization","@id":"https:\/\/konseptraf.com\/#organization","name":"Konsept Raf","url":"https:\/\/konseptraf.com\/","logo":{"@type":"ImageObject","inLanguage":"tr","@id":"https:\/\/konseptraf.com\/#\/schema\/logo\/image\/","url":"https:\/\/konseptraf.com\/wp-content\/uploads\/2024\/01\/Konsept-Raf-Logo.svg","contentUrl":"https:\/\/konseptraf.com\/wp-content\/uploads\/2024\/01\/Konsept-Raf-Logo.svg","width":1073,"height":103,"caption":"Konsept Raf"},"image":{"@id":"https:\/\/konseptraf.com\/#\/schema\/logo\/image\/"}}]}},"_links":{"self":[{"href":"https:\/\/konseptraf.com\/index.php?rest_route=\/wp\/v2\/pages\/7","targetHints":{"allow":["GET"]}}],"collection":[{"href":"https:\/\/konseptraf.com\/index.php?rest_route=\/wp\/v2\/pages"}],"about":[{"href":"https:\/\/konseptraf.com\/index.php?rest_route=\/wp\/v2\/types\/page"}],"author":[{"embeddable":true,"href":"https:\/\/konseptraf.com\/index.php?rest_route=\/wp\/v2\/users\/1"}],"replies":[{"embeddable":true,"href":"https:\/\/konseptraf.com\/index.php?rest_route=%2Fwp%2Fv2%2Fcomments&post=7"}],"version-history":[{"count":88,"href":"https:\/\/konseptraf.com\/index.php?rest_route=\/wp\/v2\/pages\/7\/revisions"}],"predecessor-version":[{"id":942,"href":"https:\/\/konseptraf.com\/index.php?rest_route=\/wp\/v2\/pages\/7\/revisions\/942"}],"wp:attachment":[{"href":"https:\/\/konseptraf.com\/index.php?rest_route=%2Fwp%2Fv2%2Fmedia&parent=7"}],"curies":[{"name":"wp","href":"https:\/\/api.w.org\/{rel}","templated":true}]}}