{"id":276,"date":"2024-01-17T11:16:33","date_gmt":"2024-01-17T11:16:33","guid":{"rendered":"https:\/\/konseptraf.com\/?page_id=276"},"modified":"2025-12-25T19:51:15","modified_gmt":"2025-12-25T19:51:15","slug":"makina-parkurumuz","status":"publish","type":"page","link":"https:\/\/konseptraf.com\/?page_id=276","title":{"rendered":"Parkurumuz"},"content":{"rendered":"\t\t<div data-elementor-type=\"wp-page\" data-elementor-id=\"276\" class=\"elementor elementor-276\" data-elementor-post-type=\"page\">\n\t\t\t\t<div class=\"elementor-element elementor-element-e0c9dcd e-flex e-con-boxed e-con e-parent\" data-id=\"e0c9dcd\" data-element_type=\"container\">\n\t\t\t\t\t<div class=\"e-con-inner\">\n\t\t\t\t<div class=\"elementor-element elementor-element-455fde6 elementor-widget elementor-widget-heading\" data-id=\"455fde6\" data-element_type=\"widget\" data-widget_type=\"heading.default\">\n\t\t\t\t<div class=\"elementor-widget-container\">\n\t\t\t\t\t<h3 class=\"elementor-heading-title elementor-size-default\">Konsept Raf \u00fcr\u00fcnlerimizi inceleyerek arad\u0131\u011f\u0131n\u0131z\u0131 ma\u011fazan\u0131z i\u00e7in projelendirebilirsiniz.<\/h3>\t\t\t\t<\/div>\n\t\t\t\t<\/div>\n\t\t\t\t<div class=\"elementor-element elementor-element-64b6e80 elementor-widget elementor-widget-heading\" data-id=\"64b6e80\" data-element_type=\"widget\" data-widget_type=\"heading.default\">\n\t\t\t\t<div class=\"elementor-widget-container\">\n\t\t\t\t\t<p class=\"elementor-heading-title elementor-size-default\">Y\u00fcksek donan\u0131ml\u0131 makina parkurumuzdan \u00e7\u0131kan yerli \u00fcretimlerimizin kaliteli materyaller ile do\u011frudan ma\u011fazalara uygun olarak haz\u0131rlanmas\u0131nda yer buluyoruz.\n<br>\n<br>\nOlmas\u0131 gerekti\u011finden daha fazla \u00fcretim kapasitemizi zorluyor, her ge\u00e7en g\u00fcn \u00fcr\u00fcnlerimizin daha modern ve stabil olmas\u0131n\u0131 sa\u011fl\u0131yoruz.<\/p>\t\t\t\t<\/div>\n\t\t\t\t<\/div>\n\t\t\t\t\t<\/div>\n\t\t\t\t<\/div>\n\t\t<div class=\"elementor-element elementor-element-c607e7d e-flex e-con-boxed e-con e-parent\" data-id=\"c607e7d\" data-element_type=\"container\">\n\t\t\t\t\t<div class=\"e-con-inner\">\n\t\t\t\t<div class=\"elementor-element elementor-element-d1736bb elementor--h-position-center elementor--v-position-middle elementor-arrows-position-inside elementor-pagination-position-inside elementor-widget elementor-widget-slides\" data-id=\"d1736bb\" data-element_type=\"widget\" data-settings=\"{&quot;navigation&quot;:&quot;both&quot;,&quot;autoplay&quot;:&quot;yes&quot;,&quot;pause_on_hover&quot;:&quot;yes&quot;,&quot;pause_on_interaction&quot;:&quot;yes&quot;,&quot;autoplay_speed&quot;:5000,&quot;infinite&quot;:&quot;yes&quot;,&quot;transition&quot;:&quot;slide&quot;,&quot;transition_speed&quot;:500}\" data-widget_type=\"slides.default\">\n\t\t\t\t<div class=\"elementor-widget-container\">\n\t\t\t\t\t\t\t\t\t<div class=\"elementor-swiper\">\n\t\t\t\t\t<div class=\"elementor-slides-wrapper elementor-main-swiper swiper\" role=\"region\" aria-roledescription=\"carousel\" aria-label=\"Slides\" dir=\"ltr\" data-animation=\"fadeInUp\">\n\t\t\t\t<div class=\"swiper-wrapper elementor-slides\">\n\t\t\t\t\t\t\t\t\t\t<div class=\"elementor-repeater-item-b2b8d11 swiper-slide\" role=\"group\" aria-roledescription=\"slide\"><div class=\"swiper-slide-bg\" role=\"img\" aria-label=\"Ahsap-Aski-Uclu\"><\/div><div class=\"elementor-background-overlay\"><\/div><div class=\"swiper-slide-inner\" ><div class=\"swiper-slide-contents\"><div class=\"elementor-slide-heading\">Ah\u015fap Ask\u0131lar<\/div><div class=\"elementor-slide-description\">Ah\u015fap ask\u0131lar i\u00e7in m\u00fc\u015fterilerimizin ihtiya\u00e7lar\u0131na uygun \u00f6zelle\u015ftirilmi\u015f \u00e7\u00f6z\u00fcmler \u00fcretiyor ve her projede en iyi sonu\u00e7lar\u0131 elde etmek i\u00e7in \u00f6zenle \u00e7al\u0131\u015f\u0131yoruz.<\/div><div  class=\"elementor-button elementor-slide-button elementor-size-sm\">\u0130nceleyin<\/div><\/div><\/div><\/div><div class=\"elementor-repeater-item-84722dc swiper-slide\" role=\"group\" aria-roledescription=\"slide\"><div class=\"swiper-slide-bg\" role=\"img\" aria-label=\"He259bb2aac704921a7de10c18283e0e20.jpg_640x640Q90.jpg_\"><\/div><div class=\"elementor-background-overlay\"><\/div><div class=\"swiper-slide-inner\" ><div class=\"swiper-slide-contents\"><div class=\"elementor-slide-heading\">Raf ve Ask\u0131l\u0131k Sistemleri<\/div><div class=\"elementor-slide-description\">Raf ve ask\u0131l\u0131k sistemleri i\u00e7in m\u00fc\u015fterilerimizin ihtiya\u00e7lar\u0131na uygun \u00f6zelle\u015ftirilmi\u015f \u00e7\u00f6z\u00fcmler \u00fcretiyor ve her projede en iyi sonu\u00e7lar\u0131 elde etmek i\u00e7in \u00f6zenle \u00e7al\u0131\u015f\u0131yoruz.<\/div><div  class=\"elementor-button elementor-slide-button elementor-size-sm\">\u0130nceleyin<\/div><\/div><\/div><\/div><div class=\"elementor-repeater-item-ac59713 swiper-slide\" role=\"group\" aria-roledescription=\"slide\"><div class=\"swiper-slide-bg\" role=\"img\" aria-label=\"\"><\/div><div class=\"elementor-background-overlay\"><\/div><div class=\"swiper-slide-inner\" ><div class=\"swiper-slide-contents\"><div class=\"elementor-slide-heading\">Raf Sistem Aksesuarlar\u0131<\/div><div class=\"elementor-slide-description\">Raf sistem aksesuarlar\u0131 i\u00e7in m\u00fc\u015fterilerimizin ihtiya\u00e7lar\u0131na uygun \u00f6zelle\u015ftirilmi\u015f \u00e7\u00f6z\u00fcmler \u00fcretiyor ve her projede en iyi sonu\u00e7lar\u0131 elde etmek i\u00e7in \u00f6zenle \u00e7al\u0131\u015f\u0131yoruz.<\/div><div  class=\"elementor-button elementor-slide-button elementor-size-sm\">\u0130nceleyin<\/div><\/div><\/div><\/div>\t\t\t\t<\/div>\n\t\t\t\t\t\t\t\t\t\t\t\t\t\t\t<div class=\"elementor-swiper-button elementor-swiper-button-prev\" role=\"button\" tabindex=\"0\" aria-label=\"Previous slide\">\n\t\t\t\t\t\t\t<svg aria-hidden=\"true\" class=\"e-font-icon-svg e-eicon-chevron-left\" viewBox=\"0 0 1000 1000\" xmlns=\"http:\/\/www.w3.org\/2000\/svg\"><path d=\"M646 125C629 125 613 133 604 142L308 442C296 454 292 471 292 487 292 504 296 521 308 533L604 854C617 867 629 875 646 875 663 875 679 871 692 858 704 846 713 829 713 812 713 796 708 779 692 767L438 487 692 225C700 217 708 204 708 187 708 171 704 154 692 142 675 129 663 125 646 125Z\"><\/path><\/svg>\t\t\t\t\t\t<\/div>\n\t\t\t\t\t\t<div class=\"elementor-swiper-button elementor-swiper-button-next\" role=\"button\" tabindex=\"0\" aria-label=\"Next slide\">\n\t\t\t\t\t\t\t<svg aria-hidden=\"true\" class=\"e-font-icon-svg e-eicon-chevron-right\" viewBox=\"0 0 1000 1000\" xmlns=\"http:\/\/www.w3.org\/2000\/svg\"><path d=\"M696 533C708 521 713 504 713 487 713 471 708 454 696 446L400 146C388 133 375 125 354 125 338 125 325 129 313 142 300 154 292 171 292 187 292 204 296 221 308 233L563 492 304 771C292 783 288 800 288 817 288 833 296 850 308 863 321 871 338 875 354 875 371 875 388 867 400 854L696 533Z\"><\/path><\/svg>\t\t\t\t\t\t<\/div>\n\t\t\t\t\t\t\t\t\t\t\t\t\t\t\t\t<div class=\"swiper-pagination\"><\/div>\n\t\t\t\t\t\t\t\t\t\t\t\t<\/div>\n\t\t\t\t<\/div>\n\t\t\t\t\t\t\t\t<\/div>\n\t\t\t\t<\/div>\n\t\t\t\t\t<\/div>\n\t\t\t\t<\/div>\n\t\t<div class=\"elementor-element elementor-element-c7175ec e-flex e-con-boxed e-con e-parent\" data-id=\"c7175ec\" data-element_type=\"container\">\n\t\t\t\t\t<div class=\"e-con-inner\">\n\t\t\t\t<div class=\"elementor-element elementor-element-c80f323 elementor-widget elementor-widget-text-editor\" data-id=\"c80f323\" data-element_type=\"widget\" data-widget_type=\"text-editor.default\">\n\t\t\t\t<div class=\"elementor-widget-container\">\n\t\t\t\t\t\t\t\t\t<p><strong>TEKST\u0130L<\/strong><br \/>Tekstil \u00fcr\u00fcnlerinize y\u00f6nelik haz\u0131rlanan dekoratif raf sistemlerimizle hem tekstil sekt\u00f6r\u00fc i\u00e7in hem de toptan ve perakende sat\u0131\u015f yapan ma\u011fazalar\u0131n\u0131z i\u00e7in ihtiya\u00e7lar\u0131n\u0131z\u0131 en iyi \u015fekilde kar\u015f\u0131layabilirsiniz. Do\u011fru dekorasyon ve raf sistemleri ile m\u00fc\u015fterilerinize sunum yapman\u0131z sat\u0131\u015f art\u0131r\u0131c\u0131 nedenlerin ba\u015f\u0131nda gelmektedir. Bunun i\u00e7in do\u011fru tasar\u0131m, kaliteli uygulama, estetik ve fonksiyonel raflar\u0131 se\u00e7mek \u00f6nemlidir. \u0130htiyac\u0131n\u0131za uygun \u00e7\u00f6z\u00fcm \u00f6nerilerimizle ilgili ister dijital katalo\u011fumuzdan isterseniz de ileti\u015fim hatt\u0131 \u00fczerinden ba\u015fvurarak bilgi alabilirsiniz.<\/p>\t\t\t\t\t\t\t\t<\/div>\n\t\t\t\t<\/div>\n\t\t\t\t<div class=\"elementor-element elementor-element-e3607ff elementor-widget elementor-widget-text-editor\" data-id=\"e3607ff\" data-element_type=\"widget\" data-widget_type=\"text-editor.default\">\n\t\t\t\t<div class=\"elementor-widget-container\">\n\t\t\t\t\t\t\t\t\t<p><b>KONSEPT<\/b><br \/>Ma\u011fazalar\u0131n\u0131zda olu\u015fturaca\u011f\u0131n\u0131z her t\u00fcrl\u00fc konsepte uygun raf sistemlerini \u00fcr\u00fcnlerimiz aras\u0131nda bulabilirsiniz. Hem ma\u011faza i\u00e7i konsept \u00e7al\u0131\u015fmalar\u0131 hem de ma\u011fazan\u0131n tamam\u0131n\u0131 kapsayacak konseptlere uygun \u00fcr\u00fcn tasar\u0131mlar\u0131n\u0131 ihtiyac\u0131n\u0131z do\u011frultusunda geni\u015f \u00e7\u00f6z\u00fcmlerimiz aras\u0131ndan edinebilirsiniz.<\/p>\t\t\t\t\t\t\t\t<\/div>\n\t\t\t\t<\/div>\n\t\t\t\t\t<\/div>\n\t\t\t\t<\/div>\n\t\t<div class=\"elementor-element elementor-element-03e4ddc e-flex e-con-boxed e-con e-parent\" data-id=\"03e4ddc\" data-element_type=\"container\">\n\t\t\t\t\t<div class=\"e-con-inner\">\n\t\t\t\t<div class=\"elementor-element elementor-element-8a59782 elementor-widget elementor-widget-image\" data-id=\"8a59782\" data-element_type=\"widget\" data-widget_type=\"image.default\">\n\t\t\t\t<div class=\"elementor-widget-container\">\n\t\t\t\t\t\t\t\t\t\t\t\t\t\t\t<img fetchpriority=\"high\" decoding=\"async\" width=\"1920\" height=\"1080\" src=\"https:\/\/konseptraf.com\/wp-content\/uploads\/2024\/01\/tekstil.jpg\" class=\"attachment-full size-full wp-image-342\" alt=\"\" srcset=\"https:\/\/konseptraf.com\/wp-content\/uploads\/2024\/01\/tekstil.jpg 1920w, https:\/\/konseptraf.com\/wp-content\/uploads\/2024\/01\/tekstil-300x169.jpg 300w, https:\/\/konseptraf.com\/wp-content\/uploads\/2024\/01\/tekstil-1024x576.jpg 1024w, https:\/\/konseptraf.com\/wp-content\/uploads\/2024\/01\/tekstil-768x432.jpg 768w, https:\/\/konseptraf.com\/wp-content\/uploads\/2024\/01\/tekstil-1536x864.jpg 1536w, https:\/\/konseptraf.com\/wp-content\/uploads\/2024\/01\/tekstil-600x338.jpg 600w\" sizes=\"(max-width: 1920px) 100vw, 1920px\" \/>\t\t\t\t\t\t\t\t\t\t\t\t\t\t\t<\/div>\n\t\t\t\t<\/div>\n\t\t\t\t\t<\/div>\n\t\t\t\t<\/div>\n\t\t\t\t<\/div>\n\t\t","protected":false},"excerpt":{"rendered":"<p>Konsept Raf \u00fcr\u00fcnlerimizi inceleyerek arad\u0131\u011f\u0131n\u0131z\u0131 ma\u011fazan\u0131z i\u00e7in projelendirebilirsiniz. Y\u00fcksek donan\u0131ml\u0131 makina parkurumuzdan \u00e7\u0131kan yerli \u00fcretimlerimizin kaliteli materyaller ile do\u011frudan ma\u011fazalara uygun olarak haz\u0131rlanmas\u0131nda yer buluyoruz. Olmas\u0131 gerekti\u011finden daha fazla \u00fcretim kapasitemizi zorluyor, her ge\u00e7en g\u00fcn \u00fcr\u00fcnlerimizin daha modern ve stabil olmas\u0131n\u0131 sa\u011fl\u0131yoruz. Ah\u015fap Ask\u0131larAh\u015fap ask\u0131lar i\u00e7in m\u00fc\u015fterilerimizin ihtiya\u00e7lar\u0131na uygun \u00f6zelle\u015ftirilmi\u015f \u00e7\u00f6z\u00fcmler \u00fcretiyor ve her projede [&hellip;]<\/p>\n","protected":false},"author":1,"featured_media":0,"parent":0,"menu_order":0,"comment_status":"closed","ping_status":"closed","template":"elementor_header_footer","meta":{"footnotes":""},"class_list":["post-276","page","type-page","status-publish","hentry"],"yoast_head":"<!-- This site is optimized with the Yoast SEO plugin v26.6 - https:\/\/yoast.com\/wordpress\/plugins\/seo\/ -->\n<title>Parkurumuz - Konsept Raf<\/title>\n<meta name=\"robots\" content=\"index, follow, max-snippet:-1, max-image-preview:large, max-video-preview:-1\" \/>\n<link rel=\"canonical\" href=\"https:\/\/konseptraf.com\/?page_id=276\" \/>\n<meta property=\"og:locale\" content=\"tr_TR\" \/>\n<meta property=\"og:type\" content=\"article\" \/>\n<meta property=\"og:title\" content=\"Parkurumuz - Konsept Raf\" \/>\n<meta property=\"og:description\" content=\"Konsept Raf \u00fcr\u00fcnlerimizi inceleyerek arad\u0131\u011f\u0131n\u0131z\u0131 ma\u011fazan\u0131z i\u00e7in projelendirebilirsiniz. Y\u00fcksek donan\u0131ml\u0131 makina parkurumuzdan \u00e7\u0131kan yerli \u00fcretimlerimizin kaliteli materyaller ile do\u011frudan ma\u011fazalara uygun olarak haz\u0131rlanmas\u0131nda yer buluyoruz. Olmas\u0131 gerekti\u011finden daha fazla \u00fcretim kapasitemizi zorluyor, her ge\u00e7en g\u00fcn \u00fcr\u00fcnlerimizin daha modern ve stabil olmas\u0131n\u0131 sa\u011fl\u0131yoruz. Ah\u015fap Ask\u0131larAh\u015fap ask\u0131lar i\u00e7in m\u00fc\u015fterilerimizin ihtiya\u00e7lar\u0131na uygun \u00f6zelle\u015ftirilmi\u015f \u00e7\u00f6z\u00fcmler \u00fcretiyor ve her projede [&hellip;]\" \/>\n<meta property=\"og:url\" content=\"https:\/\/konseptraf.com\/?page_id=276\" \/>\n<meta property=\"og:site_name\" content=\"Konsept Raf\" \/>\n<meta property=\"article:modified_time\" content=\"2025-12-25T19:51:15+00:00\" \/>\n<meta property=\"og:image\" content=\"https:\/\/konseptraf.com\/wp-content\/uploads\/2024\/01\/tekstil.jpg\" \/>\n\t<meta property=\"og:image:width\" content=\"1920\" \/>\n\t<meta property=\"og:image:height\" content=\"1080\" \/>\n\t<meta property=\"og:image:type\" content=\"image\/jpeg\" \/>\n<meta name=\"twitter:card\" content=\"summary_large_image\" \/>\n<meta name=\"twitter:label1\" content=\"Tahmini okuma s\u00fcresi\" \/>\n\t<meta name=\"twitter:data1\" content=\"3 dakika\" \/>\n<script type=\"application\/ld+json\" class=\"yoast-schema-graph\">{\"@context\":\"https:\/\/schema.org\",\"@graph\":[{\"@type\":\"WebPage\",\"@id\":\"https:\/\/konseptraf.com\/?page_id=276\",\"url\":\"https:\/\/konseptraf.com\/?page_id=276\",\"name\":\"Parkurumuz - Konsept Raf\",\"isPartOf\":{\"@id\":\"https:\/\/konseptraf.com\/#website\"},\"primaryImageOfPage\":{\"@id\":\"https:\/\/konseptraf.com\/?page_id=276#primaryimage\"},\"image\":{\"@id\":\"https:\/\/konseptraf.com\/?page_id=276#primaryimage\"},\"thumbnailUrl\":\"http:\/\/konseptraf.com\/wp-content\/uploads\/2024\/01\/tekstil.jpg\",\"datePublished\":\"2024-01-17T11:16:33+00:00\",\"dateModified\":\"2025-12-25T19:51:15+00:00\",\"breadcrumb\":{\"@id\":\"https:\/\/konseptraf.com\/?page_id=276#breadcrumb\"},\"inLanguage\":\"tr\",\"potentialAction\":[{\"@type\":\"ReadAction\",\"target\":[\"https:\/\/konseptraf.com\/?page_id=276\"]}]},{\"@type\":\"ImageObject\",\"inLanguage\":\"tr\",\"@id\":\"https:\/\/konseptraf.com\/?page_id=276#primaryimage\",\"url\":\"https:\/\/konseptraf.com\/wp-content\/uploads\/2024\/01\/tekstil.jpg\",\"contentUrl\":\"https:\/\/konseptraf.com\/wp-content\/uploads\/2024\/01\/tekstil.jpg\",\"width\":1920,\"height\":1080},{\"@type\":\"BreadcrumbList\",\"@id\":\"https:\/\/konseptraf.com\/?page_id=276#breadcrumb\",\"itemListElement\":[{\"@type\":\"ListItem\",\"position\":1,\"name\":\"Anasayfa\",\"item\":\"https:\/\/konseptraf.com\/\"},{\"@type\":\"ListItem\",\"position\":2,\"name\":\"Parkurumuz\"}]},{\"@type\":\"WebSite\",\"@id\":\"https:\/\/konseptraf.com\/#website\",\"url\":\"https:\/\/konseptraf.com\/\",\"name\":\"Konsept Raf\",\"description\":\"Ma\u011fazalar\u0131n T\u00fcm Konsept \u00c7\u00f6z\u00fcmleri\",\"publisher\":{\"@id\":\"https:\/\/konseptraf.com\/#organization\"},\"potentialAction\":[{\"@type\":\"SearchAction\",\"target\":{\"@type\":\"EntryPoint\",\"urlTemplate\":\"https:\/\/konseptraf.com\/?s={search_term_string}\"},\"query-input\":{\"@type\":\"PropertyValueSpecification\",\"valueRequired\":true,\"valueName\":\"search_term_string\"}}],\"inLanguage\":\"tr\"},{\"@type\":\"Organization\",\"@id\":\"https:\/\/konseptraf.com\/#organization\",\"name\":\"Konsept Raf\",\"url\":\"https:\/\/konseptraf.com\/\",\"logo\":{\"@type\":\"ImageObject\",\"inLanguage\":\"tr\",\"@id\":\"https:\/\/konseptraf.com\/#\/schema\/logo\/image\/\",\"url\":\"https:\/\/konseptraf.com\/wp-content\/uploads\/2024\/01\/Konsept-Raf-Logo.svg\",\"contentUrl\":\"https:\/\/konseptraf.com\/wp-content\/uploads\/2024\/01\/Konsept-Raf-Logo.svg\",\"width\":1073,\"height\":103,\"caption\":\"Konsept Raf\"},\"image\":{\"@id\":\"https:\/\/konseptraf.com\/#\/schema\/logo\/image\/\"}}]}<\/script>\n<!-- \/ Yoast SEO plugin. -->","yoast_head_json":{"title":"Parkurumuz - Konsept Raf","robots":{"index":"index","follow":"follow","max-snippet":"max-snippet:-1","max-image-preview":"max-image-preview:large","max-video-preview":"max-video-preview:-1"},"canonical":"https:\/\/konseptraf.com\/?page_id=276","og_locale":"tr_TR","og_type":"article","og_title":"Parkurumuz - Konsept Raf","og_description":"Konsept Raf \u00fcr\u00fcnlerimizi inceleyerek arad\u0131\u011f\u0131n\u0131z\u0131 ma\u011fazan\u0131z i\u00e7in projelendirebilirsiniz. Y\u00fcksek donan\u0131ml\u0131 makina parkurumuzdan \u00e7\u0131kan yerli \u00fcretimlerimizin kaliteli materyaller ile do\u011frudan ma\u011fazalara uygun olarak haz\u0131rlanmas\u0131nda yer buluyoruz. Olmas\u0131 gerekti\u011finden daha fazla \u00fcretim kapasitemizi zorluyor, her ge\u00e7en g\u00fcn \u00fcr\u00fcnlerimizin daha modern ve stabil olmas\u0131n\u0131 sa\u011fl\u0131yoruz. Ah\u015fap Ask\u0131larAh\u015fap ask\u0131lar i\u00e7in m\u00fc\u015fterilerimizin ihtiya\u00e7lar\u0131na uygun \u00f6zelle\u015ftirilmi\u015f \u00e7\u00f6z\u00fcmler \u00fcretiyor ve her projede [&hellip;]","og_url":"https:\/\/konseptraf.com\/?page_id=276","og_site_name":"Konsept Raf","article_modified_time":"2025-12-25T19:51:15+00:00","og_image":[{"width":1920,"height":1080,"url":"https:\/\/konseptraf.com\/wp-content\/uploads\/2024\/01\/tekstil.jpg","type":"image\/jpeg"}],"twitter_card":"summary_large_image","twitter_misc":{"Tahmini okuma s\u00fcresi":"3 dakika"},"schema":{"@context":"https:\/\/schema.org","@graph":[{"@type":"WebPage","@id":"https:\/\/konseptraf.com\/?page_id=276","url":"https:\/\/konseptraf.com\/?page_id=276","name":"Parkurumuz - Konsept Raf","isPartOf":{"@id":"https:\/\/konseptraf.com\/#website"},"primaryImageOfPage":{"@id":"https:\/\/konseptraf.com\/?page_id=276#primaryimage"},"image":{"@id":"https:\/\/konseptraf.com\/?page_id=276#primaryimage"},"thumbnailUrl":"http:\/\/konseptraf.com\/wp-content\/uploads\/2024\/01\/tekstil.jpg","datePublished":"2024-01-17T11:16:33+00:00","dateModified":"2025-12-25T19:51:15+00:00","breadcrumb":{"@id":"https:\/\/konseptraf.com\/?page_id=276#breadcrumb"},"inLanguage":"tr","potentialAction":[{"@type":"ReadAction","target":["https:\/\/konseptraf.com\/?page_id=276"]}]},{"@type":"ImageObject","inLanguage":"tr","@id":"https:\/\/konseptraf.com\/?page_id=276#primaryimage","url":"https:\/\/konseptraf.com\/wp-content\/uploads\/2024\/01\/tekstil.jpg","contentUrl":"https:\/\/konseptraf.com\/wp-content\/uploads\/2024\/01\/tekstil.jpg","width":1920,"height":1080},{"@type":"BreadcrumbList","@id":"https:\/\/konseptraf.com\/?page_id=276#breadcrumb","itemListElement":[{"@type":"ListItem","position":1,"name":"Anasayfa","item":"https:\/\/konseptraf.com\/"},{"@type":"ListItem","position":2,"name":"Parkurumuz"}]},{"@type":"WebSite","@id":"https:\/\/konseptraf.com\/#website","url":"https:\/\/konseptraf.com\/","name":"Konsept Raf","description":"Ma\u011fazalar\u0131n T\u00fcm Konsept \u00c7\u00f6z\u00fcmleri","publisher":{"@id":"https:\/\/konseptraf.com\/#organization"},"potentialAction":[{"@type":"SearchAction","target":{"@type":"EntryPoint","urlTemplate":"https:\/\/konseptraf.com\/?s={search_term_string}"},"query-input":{"@type":"PropertyValueSpecification","valueRequired":true,"valueName":"search_term_string"}}],"inLanguage":"tr"},{"@type":"Organization","@id":"https:\/\/konseptraf.com\/#organization","name":"Konsept Raf","url":"https:\/\/konseptraf.com\/","logo":{"@type":"ImageObject","inLanguage":"tr","@id":"https:\/\/konseptraf.com\/#\/schema\/logo\/image\/","url":"https:\/\/konseptraf.com\/wp-content\/uploads\/2024\/01\/Konsept-Raf-Logo.svg","contentUrl":"https:\/\/konseptraf.com\/wp-content\/uploads\/2024\/01\/Konsept-Raf-Logo.svg","width":1073,"height":103,"caption":"Konsept Raf"},"image":{"@id":"https:\/\/konseptraf.com\/#\/schema\/logo\/image\/"}}]}},"_links":{"self":[{"href":"https:\/\/konseptraf.com\/index.php?rest_route=\/wp\/v2\/pages\/276","targetHints":{"allow":["GET"]}}],"collection":[{"href":"https:\/\/konseptraf.com\/index.php?rest_route=\/wp\/v2\/pages"}],"about":[{"href":"https:\/\/konseptraf.com\/index.php?rest_route=\/wp\/v2\/types\/page"}],"author":[{"embeddable":true,"href":"https:\/\/konseptraf.com\/index.php?rest_route=\/wp\/v2\/users\/1"}],"replies":[{"embeddable":true,"href":"https:\/\/konseptraf.com\/index.php?rest_route=%2Fwp%2Fv2%2Fcomments&post=276"}],"version-history":[{"count":40,"href":"https:\/\/konseptraf.com\/index.php?rest_route=\/wp\/v2\/pages\/276\/revisions"}],"predecessor-version":[{"id":822,"href":"https:\/\/konseptraf.com\/index.php?rest_route=\/wp\/v2\/pages\/276\/revisions\/822"}],"wp:attachment":[{"href":"https:\/\/konseptraf.com\/index.php?rest_route=%2Fwp%2Fv2%2Fmedia&parent=276"}],"curies":[{"name":"wp","href":"https:\/\/api.w.org\/{rel}","templated":true}]}}